{"id":1007,"date":"2023-11-01T16:23:19","date_gmt":"2023-11-01T13:23:19","guid":{"rendered":"http:\/\/www.nanotechelectronics.com\/?post_type=product&#038;p=1007"},"modified":"2023-12-09T22:25:48","modified_gmt":"2023-12-09T19:25:48","slug":"formlabs-form-2-sla-3d-printer","status":"publish","type":"product","link":"https:\/\/www.nanotechelectronics.com\/index.php\/urun\/formlabs-form-2-sla-3d-printer\/","title":{"rendered":"Formlabs Form 2 SLA 3D Yaz\u0131c\u0131"},"content":{"rendered":"<div class=\"\">\n<p>\u015eimdiye kadar olu\u015fturulmu\u015f SLA teknolojisi ile \u00fcretim yapan en kaliteli ve en \u00e7ok tercih edilen masa\u00fcst\u00fc 3d yaz\u0131c\u0131.<\/p>\n<p>Yeni re\u00e7ine kartu\u015f sistemi, wireless \u00f6zelli\u011fi ve dokunmatik ekran\u0131 ile kullan\u0131c\u0131ya b\u00fcy\u00fck kolayl\u0131k sa\u011flayan Form 2 UV lazer teknolojisi ile s\u0131v\u0131 re\u00e7ineyi kat\u0131la\u015ft\u0131rarak y\u00fcksek kalite bask\u0131lar alman\u0131z\u0131 sa\u011flar.<\/p>\n<p>25, 50,100 mikron bask\u0131 hassasiyeti, farkl\u0131 sarf malzemesi se\u00e7enekleri ve 250mW lazeri ile 3d modellerinize hayat verir.<\/p>\n<p>&nbsp;<\/p>\n<p><strong>Yeni Re\u00e7ine Kartu\u015f Sistemi<\/strong><\/p>\n<p>Yeni entegre kartu\u015f sistemi ile re\u00e7ineleri kendiniz doldurmak zorunda kalmazs\u0131n\u0131z. Ayr\u0131ca re\u00e7inenin bulundu\u011fu tank\u0131n \u00f6mr\u00fcn\u00fc uzatacakt\u0131r. Seviye Alg\u0131lama \u00f6zelli\u011fi sayesinde re\u00e7ine azald\u0131k\u00e7a gerekti\u011fi kadar re\u00e7ine bask\u0131 tank\u0131na ak\u0131t\u0131l\u0131r. B\u00f6ylece re\u00e7ineyi kontrol etmek veya bask\u0131y\u0131 durdurmak zorunda kalmazs\u0131n\u0131z. Kartu\u015fun i\u00e7indeki re\u00e7ine ilgili bilgileri de dokunmatik ekrandan gayet rahat bir \u015fekilde g\u00f6rmeniz m\u00fcmk\u00fcnd\u00fcr.<\/p>\n<p><strong>Yeni Wireless \u00d6zelli\u011fi<\/strong><\/p>\n<p>Nerede olursan\u0131z olun cep telefonunuzla Form 2&#8217;nin ekran\u0131na ba\u011fl\u0131 kalarak bir\u00e7ok \u00f6zelli\u011fini buradan kontrol edebilirsiniz. Bask\u0131 ba\u015flamas\u0131, bitmesi veya yaz\u0131c\u0131n\u0131n yan\u0131na giderek ilgilenmeniz gereken durumlarda cep telefonunuzla uyar\u0131 al\u0131rs\u0131n\u0131z. Kartu\u015fun i\u00e7indeki re\u00e7ine bilgilerine ve yazd\u0131rma ile ilgili di\u011fer bilgilere her zaman ula\u015fabilirsiniz ve ayr\u0131ca e\u011fer birden fazla yaz\u0131c\u0131n\u0131z var ise telefonunuzdaki yaz\u0131l\u0131ma yaz\u0131c\u0131lar\u0131n\u0131z\u0131 tan\u0131tarak b\u00fct\u00fcn yaz\u0131c\u0131lar\u0131n\u0131z\u0131 tek bir telefondan y\u00f6netmeniz m\u00fcmk\u00fcn.<\/p>\n<p><strong>SLA<\/strong>\u00a0teknolojisini masa\u00fcst\u00fcn\u00fcze ta\u015f\u0131yan d\u00fcnyan\u0131n\u00a0<strong>en \u00e7ok tercih<\/strong>\u00a0edilen yaz\u0131c\u0131s\u0131\u2026<\/p>\n<\/div>\n<p>&nbsp;<\/p>\n<table border=\"0\" cellspacing=\"0\" cellpadding=\"0\">\n<tbody>\n<tr>\n<td colspan=\"2\" rowspan=\"2\"><strong>Formlabs Form 2 Teknik \u00d6zellikleri<\/strong><\/td>\n<td><\/td>\n<\/tr>\n<tr>\n<td><\/td>\n<td><\/td>\n<\/tr>\n<tr>\n<td><\/td>\n<td><\/td>\n<td><\/td>\n<td><\/td>\n<\/tr>\n<tr>\n<td><\/td>\n<td colspan=\"2\"><strong>Genel \u00d6zellikler<\/strong><\/td>\n<td><\/td>\n<\/tr>\n<tr>\n<td><\/td>\n<td><\/td>\n<td><\/td>\n<td><\/td>\n<\/tr>\n<tr>\n<td><\/td>\n<td>\u00d6l\u00e7\u00fcler<\/td>\n<td>330 x 330 x 520 (mm)<\/td>\n<td><\/td>\n<\/tr>\n<tr>\n<td><\/td>\n<td><\/td>\n<td><\/td>\n<td><\/td>\n<\/tr>\n<tr>\n<td><\/td>\n<td>A\u011f\u0131rl\u0131k<\/td>\n<td>13 kg<\/td>\n<td><\/td>\n<\/tr>\n<tr>\n<td><\/td>\n<td><\/td>\n<td><\/td>\n<td><\/td>\n<\/tr>\n<tr>\n<td><\/td>\n<td>G\u00fc\u00e7 Gereksinimleri<\/td>\n<td>100 \u2013 240 V, 1,5A 50\/60 hz, 65 W<\/td>\n<td><\/td>\n<\/tr>\n<tr>\n<td><\/td>\n<td><\/td>\n<td><\/td>\n<td><\/td>\n<\/tr>\n<tr>\n<td><\/td>\n<td>Dosya Aktar\u0131m\u0131<\/td>\n<td>WIFI, Ethernet ve USB Kablo ile<\/td>\n<td><\/td>\n<\/tr>\n<tr>\n<td><\/td>\n<td><\/td>\n<td><\/td>\n<td><\/td>\n<\/tr>\n<tr>\n<td><\/td>\n<td colspan=\"2\"><strong>Bask\u0131 \u00d6zellikleri<\/strong><\/td>\n<td><\/td>\n<\/tr>\n<tr>\n<td><\/td>\n<td><\/td>\n<td><\/td>\n<td><\/td>\n<\/tr>\n<tr>\n<td><\/td>\n<td>Teknoloji<\/td>\n<td>SLA<\/td>\n<td><\/td>\n<\/tr>\n<tr>\n<td><\/td>\n<td><\/td>\n<td><\/td>\n<td><\/td>\n<\/tr>\n<tr>\n<td><\/td>\n<td>Bask\u0131 Hassasiyeti<\/td>\n<td>25 &#8211; 100 Mikron<\/td>\n<td><\/td>\n<\/tr>\n<tr>\n<td><\/td>\n<td><\/td>\n<td><\/td>\n<td><\/td>\n<\/tr>\n<tr>\n<td><\/td>\n<td>Bas\u0131labilir Malzeme<\/td>\n<td>Formlabs Re\u00e7ineleri<\/td>\n<td><\/td>\n<\/tr>\n<tr>\n<td><\/td>\n<td><\/td>\n<td><\/td>\n<td><\/td>\n<\/tr>\n<tr>\n<td><\/td>\n<td>Bask\u0131 Alan\u0131<\/td>\n<td>145 x 145 x 175 (mm)<\/td>\n<td><\/td>\n<\/tr>\n<tr>\n<td><\/td>\n<td><\/td>\n<td><\/td>\n<td><\/td>\n<\/tr>\n<tr>\n<td><\/td>\n<td>Lazer \u00d6l\u00e7\u00fcs\u00fc (FWHM)<\/td>\n<td>140 Mikron<\/td>\n<td><\/td>\n<\/tr>\n<tr>\n<td><\/td>\n<td><\/td>\n<td><\/td>\n<td><\/td>\n<\/tr>\n<tr>\n<td><\/td>\n<td>Lazer \u00d6zellikleri<\/td>\n<td>EN 60825-1:2007 sertifikas\u0131 1. S\u0131n\u0131f lazer<\/td>\n<td><\/td>\n<\/tr>\n<tr>\n<td><\/td>\n<td><\/td>\n<td>\u00a0405nm mor \u00f6tesi 250mW lazer<\/td>\n<td><\/td>\n<\/tr>\n<tr>\n<td><\/td>\n<td><\/td>\n<td><\/td>\n<td><\/td>\n<\/tr>\n<tr>\n<td><\/td>\n<td>Destekler<\/td>\n<td>\u00dcretilen model ile ayn\u0131 malzeme kullan\u0131l\u0131r.<\/td>\n<td><\/td>\n<\/tr>\n<tr>\n<td><\/td>\n<td><\/td>\n<td><\/td>\n<td><\/td>\n<\/tr>\n<tr>\n<td><\/td>\n<td colspan=\"2\"><strong>Yaz\u0131l\u0131m \u00d6zellikleri<\/strong><\/td>\n<td><\/td>\n<\/tr>\n<tr>\n<td><\/td>\n<td><\/td>\n<td><\/td>\n<td><\/td>\n<\/tr>\n<tr>\n<td><\/td>\n<td>Yaz\u0131l\u0131m<\/td>\n<td>PreForm<\/td>\n<td><\/td>\n<\/tr>\n<tr>\n<td><\/td>\n<td><\/td>\n<td><\/td>\n<td><\/td>\n<\/tr>\n<tr>\n<td><\/td>\n<td>Export Dosya Uzant\u0131s\u0131<\/td>\n<td>.stl , .obj, .form dosya uzant\u0131s\u0131<\/td>\n<td><\/td>\n<\/tr>\n<tr>\n<td><\/td>\n<td><\/td>\n<td><\/td>\n<\/tr>\n<\/tbody>\n<\/table>\n","protected":false},"excerpt":{"rendered":"<p>https:\/\/www.youtube.com\/watch?v=Ak4kgiSvgN8&amp;ab_channel=Formlabs<\/p>\n","protected":false},"featured_media":1071,"comment_status":"open","ping_status":"closed","template":"","meta":{"spay_email":""},"class_list":["post-1007","product","type-product","status-publish","has-post-thumbnail","hentry","product_cat-sla-yazicilar"],"_links":{"self":[{"href":"https:\/\/www.nanotechelectronics.com\/index.php\/wp-json\/wp\/v2\/product\/1007","targetHints":{"allow":["GET"]}}],"collection":[{"href":"https:\/\/www.nanotechelectronics.com\/index.php\/wp-json\/wp\/v2\/product"}],"about":[{"href":"https:\/\/www.nanotechelectronics.com\/index.php\/wp-json\/wp\/v2\/types\/product"}],"replies":[{"embeddable":true,"href":"https:\/\/www.nanotechelectronics.com\/index.php\/wp-json\/wp\/v2\/comments?post=1007"}],"wp:featuredmedia":[{"embeddable":true,"href":"https:\/\/www.nanotechelectronics.com\/index.php\/wp-json\/wp\/v2\/media\/1071"}],"wp:attachment":[{"href":"https:\/\/www.nanotechelectronics.com\/index.php\/wp-json\/wp\/v2\/media?parent=1007"}],"curies":[{"name":"wp","href":"https:\/\/api.w.org\/{rel}","templated":true}]}}